{"id":4488,"date":"2019-10-14T12:04:50","date_gmt":"2019-10-14T12:04:50","guid":{"rendered":"https:\/\/zephyr.is\/front-page\/"},"modified":"2019-10-14T12:04:50","modified_gmt":"2019-10-14T12:04:50","slug":"front-page","status":"publish","type":"page","link":"https:\/\/zephyr.is\/en\/","title":{"rendered":"Front Page"},"content":{"rendered":"\t\t<div data-elementor-type=\"wp-page\" data-elementor-id=\"4488\" class=\"elementor elementor-4488 elementor-4 elementor-bc-flex-widget\">\n\t\t\t\t\t\t<div class=\"elementor-inner\">\n\t\t\t\t<div class=\"elementor-section-wrap\">\n\t\t\t\t\t\t\t\t\t<section class=\"elementor-section elementor-top-section elementor-element elementor-element-70a8b2cd elementor-section-boxed elementor-section-height-default elementor-section-height-default\" data-id=\"70a8b2cd\" data-element_type=\"section\">\n\t\t\t\t\t\t<div class=\"elementor-container elementor-column-gap-default\">\n\t\t\t\t\t\t\t<div class=\"elementor-row\">\n\t\t\t\t\t<div class=\"elementor-column elementor-col-100 elementor-top-column elementor-element elementor-element-273e39e5\" data-id=\"273e39e5\" data-element_type=\"column\">\n\t\t\t<div class=\"elementor-column-wrap elementor-element-populated\">\n\t\t\t\t\t\t\t<div class=\"elementor-widget-wrap\">\n\t\t\t\t\t\t<div class=\"elementor-element elementor-element-1416d201 elementor-widget elementor-widget-text-editor\" data-id=\"1416d201\" data-element_type=\"widget\" data-widget_type=\"text-editor.default\">\n\t\t\t\t<div class=\"elementor-widget-container\">\n\t\t\t\t\t\t\t\t<div class=\"elementor-text-editor elementor-clearfix\">\n\t\t\t\t<p><strong>Zephyr Iceland er a\u00f0 meirihluta \u00ed eigu norska vindorkufyrirt\u00e6kisins Zephyr, auk \u00feess sem \u00edslenska fyrirt\u00e6ki\u00f0 Hreyfiafl er hluthafi. Norska Zephyr er \u00ed eigu \u00feriggja norskra vatnsaflsfyrirt\u00e6kja, sem eru <span style=\"color: #ffff00;\"><a href=\"https:\/\/www.glitreenergi.no\" target=\"_blank\" style=\"color: #ffff00;\" rel=\"noopener\">Glitre Energi<\/a><\/span>, <span style=\"color: #ffff00;\"><a href=\"https:\/\/www.vardar.no\" target=\"_blank\" style=\"color: #ffff00;\" rel=\"noopener\">Vardar<\/a><\/span> og <span style=\"color: #ffff00;\"><a href=\"https:\/\/www.ostfoldenergi.no\" target=\"_blank\" style=\"color: #ffff00;\" rel=\"noopener\">\u00d8stfold Energi<\/a><\/span>. \u00deau eru \u00f6ll eru \u00ed eigu norskra sveitarf\u00e9laga og fylkja. Hreyfiafl er \u00ed eigu Ketils Sigurj\u00f3nssonar, framkv\u00e6mdastj\u00f3ra Zephyr \u00e1 \u00cdslandi.<\/strong><\/p>\n\t\t\t\t\t<\/div>\n\t\t\t\t\t\t<\/div>\n\t\t\t\t<\/div>\n\t\t\t\t\t\t<\/div>\n\t\t\t\t\t<\/div>\n\t\t<\/div>\n\t\t\t\t\t\t\t\t<\/div>\n\t\t\t\t\t<\/div>\n\t\t<\/section>\n\t\t\t\t\t\t\t\t\t<\/div>\n\t\t\t<\/div>\n\t\t\t\t\t<\/div>\n\t\t","protected":false},"excerpt":{"rendered":"<p>Zephyr Iceland er a\u00f0 meirihluta \u00ed eigu norska vindorkufyrirt\u00e6kisins Zephyr, auk \u00feess sem \u00edslenska fyrirt\u00e6ki\u00f0 Hreyfiafl er hluthafi. Norska Zephyr er \u00ed eigu \u00feriggja norskra vatnsaflsfyrirt\u00e6kja, sem eru Glitre Energi, Vardar og \u00d8stfold Energi. \u00deau eru \u00f6ll eru \u00ed eigu norskra sveitarf\u00e9laga og fylkja. Hreyfiafl er \u00ed eigu Ketils Sigurj\u00f3nssonar, [&hellip;]<\/p>\n","protected":false},"author":1,"featured_media":0,"parent":0,"menu_order":0,"comment_status":"closed","ping_status":"closed","template":"","meta":[],"_links":{"self":[{"href":"https:\/\/zephyr.is\/en\/wp-json\/wp\/v2\/pages\/4488"}],"collection":[{"href":"https:\/\/zephyr.is\/en\/wp-json\/wp\/v2\/pages"}],"about":[{"href":"https:\/\/zephyr.is\/en\/wp-json\/wp\/v2\/types\/page"}],"author":[{"embeddable":true,"href":"https:\/\/zephyr.is\/en\/wp-json\/wp\/v2\/users\/1"}],"replies":[{"embeddable":true,"href":"https:\/\/zephyr.is\/en\/wp-json\/wp\/v2\/comments?post=4488"}],"version-history":[{"count":1,"href":"https:\/\/zephyr.is\/en\/wp-json\/wp\/v2\/pages\/4488\/revisions"}],"predecessor-version":[{"id":4588,"href":"https:\/\/zephyr.is\/en\/wp-json\/wp\/v2\/pages\/4488\/revisions\/4588"}],"wp:attachment":[{"href":"https:\/\/zephyr.is\/en\/wp-json\/wp\/v2\/media?parent=4488"}],"curies":[{"name":"wp","href":"https:\/\/api.w.org\/{rel}","templated":true}]}}